{"id":7,"date":"2020-10-27T11:40:23","date_gmt":"2020-10-27T11:40:23","guid":{"rendered":"http:\/\/scherlund.org\/?page_id=7"},"modified":"2021-07-20T15:42:38","modified_gmt":"2021-07-20T15:42:38","slug":"about","status":"publish","type":"page","link":"https:\/\/scherlund.org\/","title":{"rendered":"Start"},"content":{"rendered":"\r\n<p>Jag heter Thomas Scherlund och \u00e4r en kroppsterapeut som arbetar p\u00e5 ett holistiskt s\u00e4tt.<\/p>\r\n\r\n\r\n\r\n<p>Jag har flera olika tekniker som beror p\u00e5 vad du som kommer till mig, vill ha hj\u00e4lp med.<\/p>\r\n\r\n\r\n\r\n<p>Teknikerna jag anv\u00e4nder \u00e4r fr\u00e4mst en mjuk behandling som \u00e4r djupg\u00e5ende och som sl\u00e4pper p\u00e5 ytliga och djupt liggande sp\u00e4nningar. Jag g\u00f6r ocks\u00e5 Massage och arbetar med postural (h\u00e5llning) korrigering p\u00e5 ett mjukt och effektivt s\u00e4tt, som g\u00f6r det Sk\u00f6nare att st\u00e5 eller r\u00f6ras sig, med mindre on\u00f6diga sp\u00e4nningar. Jag arbetar ocks\u00e5 med samtal f\u00f6r de som beh\u00f6ver.<\/p>\r\n","protected":false},"excerpt":{"rendered":"<p>Jag heter Thomas Scherlund och \u00e4r en kroppsterapeut som arbetar p\u00e5 ett holistiskt s\u00e4tt. Jag har flera olika tekniker som beror p\u00e5 vad du som kommer till mig, vill ha hj\u00e4lp med. Teknikerna jag anv\u00e4nder \u00e4r fr\u00e4mst en mjuk behandling som \u00e4r djupg\u00e5ende och som sl\u00e4pper p\u00e5 ytliga och djupt liggande sp\u00e4nningar. Jag g\u00f6r ocks\u00e5 &hellip; <\/p>\n<p class=\"link-more\"><a href=\"https:\/\/scherlund.org\/\" class=\"more-link\">Continue reading<span class=\"screen-reader-text\"> &#8220;Start&#8221;<\/span><\/a><\/p>\n","protected":false},"author":1,"featured_media":0,"parent":0,"menu_order":0,"comment_status":"closed","ping_status":"closed","template":"","meta":[],"_links":{"self":[{"href":"https:\/\/scherlund.org\/index.php\/wp-json\/wp\/v2\/pages\/7"}],"collection":[{"href":"https:\/\/scherlund.org\/index.php\/wp-json\/wp\/v2\/pages"}],"about":[{"href":"https:\/\/scherlund.org\/index.php\/wp-json\/wp\/v2\/types\/page"}],"author":[{"embeddable":true,"href":"https:\/\/scherlund.org\/index.php\/wp-json\/wp\/v2\/users\/1"}],"replies":[{"embeddable":true,"href":"https:\/\/scherlund.org\/index.php\/wp-json\/wp\/v2\/comments?post=7"}],"version-history":[{"count":8,"href":"https:\/\/scherlund.org\/index.php\/wp-json\/wp\/v2\/pages\/7\/revisions"}],"predecessor-version":[{"id":59,"href":"https:\/\/scherlund.org\/index.php\/wp-json\/wp\/v2\/pages\/7\/revisions\/59"}],"wp:attachment":[{"href":"https:\/\/scherlund.org\/index.php\/wp-json\/wp\/v2\/media?parent=7"}],"curies":[{"name":"wp","href":"https:\/\/api.w.org\/{rel}","templated":true}]}}